{"id":142,"date":"2016-10-18T16:27:51","date_gmt":"2016-10-18T16:27:51","guid":{"rendered":"http:\/\/cree-siente.com.mx\/wp\/en\/?page_id=142"},"modified":"2016-10-31T21:13:43","modified_gmt":"2016-10-31T21:13:43","slug":"privacy-policy","status":"publish","type":"page","link":"https:\/\/cree-siente.com.mx\/en\/index.php\/privacy-policy\/","title":{"rendered":"Privacy Policy"},"content":{"rendered":"<p>FABIOLA BLANCO ESCALONA<br \/>\nBol\u00edvar 882, Col. Postal, CP 03410, Mexico City.<\/p>\n<p>Le informamos que los datos personales que recabemos con motivo de la relaci\u00f3n jur\u00eddica que tengamos con usted en virtud de los servicios prestados, a\u00fan los sensibles, se tratan con fines de: identificaci\u00f3n, operaci\u00f3n, administraci\u00f3n, an\u00e1lisis, ofrecimiento y promoci\u00f3n de productos y\/o servicios para, en su caso, establecer una relaci\u00f3n comercial y otros fines compatibles o an\u00e1logos.<br \/>\nAl proporcionarnos cualquier tipo de informaci\u00f3n para establecer cualquier relaci\u00f3n comercial, usted nos deber\u00e1 informar si a cepta o no, que sus datos personales sean transferidos. Para limitar el uso y divulgaci\u00f3n de sus datos, mantendremos pol\u00edticas y procedimientos de seguridad y confidencialidad.<\/p>\n<p>El ejercicio de sus derechos de acceso, rectificaci\u00f3n, cancelaci\u00f3n u oposici\u00f3n y la revocaci\u00f3n del consentimiento, podr\u00e1 efectuarse por escrito que presente en nuestras oficinas ubicadas en<\/p>\n<p>Bol\u00edvar 882, Col. Postal, CP 03410, Ciudad de M\u00e9xico.<br \/>\nEn un horario de 9:30 a 17:30 horas de lunes a viernes, a partir del 03 de enero de 2014.<\/p>\n<p>Le informaremos los cambios realizados al presente aviso, a trav\u00e9s de comunicados colocados en la p\u00e1gina de Internet <span style=\"color: #a3ab43;\">www.cree-siente.com.mx<\/span> o en nuestras oficinas, o enviados por cualquier medio de comunicaci\u00f3n que tengamos con usted.<\/p>\n","protected":false},"excerpt":{"rendered":"<p>FABIOLA BLANCO ESCALONA Bol\u00edvar 882, Col. Postal, CP 03410, Mexico City. Le informamos que los datos personales que recabemos con motivo de la relaci\u00f3n jur\u00eddica que tengamos con usted en virtud de los servicios prestados, a\u00fan los sensibles, se tratan con fines de: identificaci\u00f3n, operaci\u00f3n, administraci\u00f3n, an\u00e1lisis, ofrecimiento y promoci\u00f3n de productos y\/o servicios para, [&hellip;]<\/p>\n","protected":false},"author":1,"featured_media":0,"parent":0,"menu_order":0,"comment_status":"closed","ping_status":"closed","template":"page-templates\/horizontal.php","meta":[],"_links":{"self":[{"href":"https:\/\/cree-siente.com.mx\/en\/index.php\/wp-json\/wp\/v2\/pages\/142"}],"collection":[{"href":"https:\/\/cree-siente.com.mx\/en\/index.php\/wp-json\/wp\/v2\/pages"}],"about":[{"href":"https:\/\/cree-siente.com.mx\/en\/index.php\/wp-json\/wp\/v2\/types\/page"}],"author":[{"embeddable":true,"href":"https:\/\/cree-siente.com.mx\/en\/index.php\/wp-json\/wp\/v2\/users\/1"}],"replies":[{"embeddable":true,"href":"https:\/\/cree-siente.com.mx\/en\/index.php\/wp-json\/wp\/v2\/comments?post=142"}],"version-history":[{"count":8,"href":"https:\/\/cree-siente.com.mx\/en\/index.php\/wp-json\/wp\/v2\/pages\/142\/revisions"}],"predecessor-version":[{"id":494,"href":"https:\/\/cree-siente.com.mx\/en\/index.php\/wp-json\/wp\/v2\/pages\/142\/revisions\/494"}],"wp:attachment":[{"href":"https:\/\/cree-siente.com.mx\/en\/index.php\/wp-json\/wp\/v2\/media?parent=142"}],"curies":[{"name":"wp","href":"https:\/\/api.w.org\/{rel}","templated":true}]}}